{"id":58,"date":"2022-10-15T12:57:28","date_gmt":"2022-10-15T10:57:28","guid":{"rendered":"http:\/\/uirhspn.cluster028.hosting.ovh.net\/pe61604\/?page_id=58"},"modified":"2025-09-13T09:50:51","modified_gmt":"2025-09-13T07:50:51","slug":"aktualnosci","status":"publish","type":"page","link":"https:\/\/inneradio.fm\/","title":{"rendered":"Inne Radio"},"content":{"rendered":"\n<p class=\"has-text-align-center\"><strong>STRONA W BUDOWIE<\/strong><\/p>\n\n\n<div class=\"wp-block-image\">\n<figure class=\"aligncenter size-large is-resized\"><img loading=\"lazy\" decoding=\"async\" width=\"1024\" height=\"460\" src=\"https:\/\/inneradio.fm\/wp-content\/uploads\/2025\/06\/IR_105i2_logo-1024x460.jpg\" alt=\"\" class=\"wp-image-170\" style=\"width:256px;height:auto\" srcset=\"https:\/\/inneradio.fm\/wp-content\/uploads\/2025\/06\/IR_105i2_logo-1024x460.jpg 1024w, https:\/\/inneradio.fm\/wp-content\/uploads\/2025\/06\/IR_105i2_logo-300x135.jpg 300w, https:\/\/inneradio.fm\/wp-content\/uploads\/2025\/06\/IR_105i2_logo-768x345.jpg 768w, https:\/\/inneradio.fm\/wp-content\/uploads\/2025\/06\/IR_105i2_logo.jpg 1039w\" sizes=\"auto, (max-width: 1024px) 100vw, 1024px\" \/><\/figure>\n<\/div>\n\n\n<figure class=\"wp-block-audio aligncenter\"><audio controls src=\"http:\/\/s3.slotex.pl:7004\/;?type=http&amp;nocache=93\"><\/audio><\/figure>\n\n\n\n<pre class=\"wp-block-verse has-text-align-center\"><mark style=\"background-color:rgba(0, 0, 0, 0);color:#f7d200\" class=\"has-inline-color\">Nie gra ?<\/mark> <br>zadzwo\u0144 &gt; 77 439 7777 lub 536 286 286<br>i poinformuj nas...<\/pre>\n\n\n\n<pre class=\"wp-block-verse has-text-align-center\">albo kliknij w link poni\u017cej<br>mo\u017ce zadzia\u0142a...<br><a href=\"http:\/\/s3.slotex.pl:7004\/;?type=http&amp;nocache=93\">http:\/\/s3.slotex.pl:7004\/stream\/1\/<\/a><\/pre>\n\n\n\n<ul class=\"wp-block-social-links is-content-justification-center is-layout-flex wp-container-core-social-links-is-layout-16018d1d wp-block-social-links-is-layout-flex\"><li class=\"wp-social-link wp-social-link-facebook  wp-block-social-link\"><a href=\"https:\/\/www.facebook.com\/people\/Inne-Radio\/61575570846054\/\" class=\"wp-block-social-link-anchor\"><svg width=\"24\" height=\"24\" viewBox=\"0 0 24 24\" version=\"1.1\" xmlns=\"http:\/\/www.w3.org\/2000\/svg\" aria-hidden=\"true\" focusable=\"false\"><path d=\"M12 2C6.5 2 2 6.5 2 12c0 5 3.7 9.1 8.4 9.9v-7H7.9V12h2.5V9.8c0-2.5 1.5-3.9 3.8-3.9 1.1 0 2.2.2 2.2.2v2.5h-1.3c-1.2 0-1.6.8-1.6 1.6V12h2.8l-.4 2.9h-2.3v7C18.3 21.1 22 17 22 12c0-5.5-4.5-10-10-10z\"><\/path><\/svg><span class=\"wp-block-social-link-label screen-reader-text\">Facebook<\/span><\/a><\/li><\/ul>\n\n\n\n<pre class=\"wp-block-verse has-text-align-center\">nasz profil na Facebook'u &gt;    Inne Radio<\/pre>\n","protected":false},"excerpt":{"rendered":"<p>STRONA W BUDOWIE Nie gra ? zadzwo\u0144 &gt; 77 439 7777 lub 536 286 286i poinformuj nas&#8230; albo kliknij w link poni\u017cejmo\u017ce zadzia\u0142a&#8230;http:\/\/s3.slotex.pl:7004\/stream\/1\/ nasz profil na Facebook&#8217;u &gt; Inne Radio<\/p>\n","protected":false},"author":1,"featured_media":0,"parent":0,"menu_order":0,"comment_status":"closed","ping_status":"closed","template":"","meta":{"footnotes":""},"class_list":["post-58","page","type-page","status-publish","hentry"],"_links":{"self":[{"href":"https:\/\/inneradio.fm\/index.php\/wp-json\/wp\/v2\/pages\/58","targetHints":{"allow":["GET"]}}],"collection":[{"href":"https:\/\/inneradio.fm\/index.php\/wp-json\/wp\/v2\/pages"}],"about":[{"href":"https:\/\/inneradio.fm\/index.php\/wp-json\/wp\/v2\/types\/page"}],"author":[{"embeddable":true,"href":"https:\/\/inneradio.fm\/index.php\/wp-json\/wp\/v2\/users\/1"}],"replies":[{"embeddable":true,"href":"https:\/\/inneradio.fm\/index.php\/wp-json\/wp\/v2\/comments?post=58"}],"version-history":[{"count":27,"href":"https:\/\/inneradio.fm\/index.php\/wp-json\/wp\/v2\/pages\/58\/revisions"}],"predecessor-version":[{"id":279,"href":"https:\/\/inneradio.fm\/index.php\/wp-json\/wp\/v2\/pages\/58\/revisions\/279"}],"wp:attachment":[{"href":"https:\/\/inneradio.fm\/index.php\/wp-json\/wp\/v2\/media?parent=58"}],"curies":[{"name":"wp","href":"https:\/\/api.w.org\/{rel}","templated":true}]}}