{"id":55,"date":"2022-10-15T12:54:51","date_gmt":"2022-10-15T10:54:51","guid":{"rendered":"http:\/\/uirhspn.cluster028.hosting.ovh.net\/pe61604\/?page_id=55"},"modified":"2025-09-13T09:04:43","modified_gmt":"2025-09-13T07:04:43","slug":"program-ramowy","status":"publish","type":"page","link":"https:\/\/inneradio.fm\/index.php\/program-ramowy\/","title":{"rendered":"Program ramowy"},"content":{"rendered":"\n<p class=\"has-text-align-center has-background-color has-text-color has-link-color wp-elements-25906bc6b27fea96be19a0542b91be50\"><mark style=\"background-color:#fdd700\" class=\"has-inline-color\">opis w trakcie tworzenia<\/mark>  <\/p>\n\n\n\n<p>w czwartki o 22:00 &#8211; WIM<br>WIKTORIA\u0143SKA INNA MUZYKA<br>zaprasza <br>Wiktoria M\u0142ynarczyk<\/p>\n\n\n\n<p>w soboty i niedziele o 9:30<br>BANKOMAT<br>zaprasza<br>Zwi\u0105zek Bank\u00f3w Polskich<\/p>\n\n\n\n<p class=\"has-normal-font-size\">Transmisja Mszy \u015aw. w niedziele o 7:30<br>a w \u015bwi\u0119ta i uroczysto\u015bci &#8211; wed\u0142ug zapowiedzi<\/p>\n\n\n\n<p class=\"has-small-font-size\">Wiadomo\u015bci lokalne i z regionu &#8211;<br>&#8211; w dni powszednie : <br>&#8211; <strong>5:30<\/strong> \/ 6:30 \/ 7:30 \/ 8:30<br>&#8211; <strong>15:30<\/strong> \/ 16:30 \/ 17:30 \/ 18:30<br><br>&#8211; w soboty zapowiedzi wydarze\u0144 w regionie<br>&#8211; <strong>5:30<\/strong> \/ 6:30 \/ 7:30 \/ 8:30<\/p>\n\n\n\n<p class=\"has-small-font-size\">Wiadomo\u015bci z kraju i ze \u015bwiata &#8211;<br>&#8211; w dni powszednie : od 6:00 do 22:00<br>&#8211; w soboty, niedziele i \u015bwi\u0119ta : od 8:00 do 20:00<\/p>\n\n\n\n<p><\/p>\n","protected":false},"excerpt":{"rendered":"<p>opis w trakcie tworzenia w czwartki o 22:00 &#8211; WIMWIKTORIA\u0143SKA INNA MUZYKAzaprasza Wiktoria M\u0142ynarczyk w soboty i niedziele o 9:30BANKOMATzapraszaZwi\u0105zek Bank\u00f3w Polskich Transmisja Mszy \u015aw. w niedziele o 7:30a w \u015bwi\u0119ta i uroczysto\u015bci &#8211; wed\u0142ug zapowiedzi Wiadomo\u015bci lokalne i z regionu &#8211;&#8211; w dni powszednie : &#8211; 5:30 \/ 6:30 \/ 7:30 \/ 8:30&#8211; 15:30 [&hellip;]<\/p>\n","protected":false},"author":1,"featured_media":0,"parent":0,"menu_order":0,"comment_status":"closed","ping_status":"closed","template":"","meta":{"footnotes":""},"class_list":["post-55","page","type-page","status-publish","hentry"],"_links":{"self":[{"href":"https:\/\/inneradio.fm\/index.php\/wp-json\/wp\/v2\/pages\/55","targetHints":{"allow":["GET"]}}],"collection":[{"href":"https:\/\/inneradio.fm\/index.php\/wp-json\/wp\/v2\/pages"}],"about":[{"href":"https:\/\/inneradio.fm\/index.php\/wp-json\/wp\/v2\/types\/page"}],"author":[{"embeddable":true,"href":"https:\/\/inneradio.fm\/index.php\/wp-json\/wp\/v2\/users\/1"}],"replies":[{"embeddable":true,"href":"https:\/\/inneradio.fm\/index.php\/wp-json\/wp\/v2\/comments?post=55"}],"version-history":[{"count":19,"href":"https:\/\/inneradio.fm\/index.php\/wp-json\/wp\/v2\/pages\/55\/revisions"}],"predecessor-version":[{"id":278,"href":"https:\/\/inneradio.fm\/index.php\/wp-json\/wp\/v2\/pages\/55\/revisions\/278"}],"wp:attachment":[{"href":"https:\/\/inneradio.fm\/index.php\/wp-json\/wp\/v2\/media?parent=55"}],"curies":[{"name":"wp","href":"https:\/\/api.w.org\/{rel}","templated":true}]}}